{"id":12,"date":"2025-05-21T23:39:51","date_gmt":"2025-05-21T21:39:51","guid":{"rendered":"https:\/\/serwer2585902.home.pl\/autoinstalator\/wordpress1\/index.php\/front_page\/"},"modified":"2025-06-23T10:22:01","modified_gmt":"2025-06-23T08:22:01","slug":"homepowermed","status":"publish","type":"page","link":"https:\/\/powermedfizjoterapia.pl\/","title":{"rendered":"Home"},"content":{"rendered":"\n\n\n\n\n\n\n\nabout us\n\n\n\nPowerMed Fizjoterapia &#8211; nowoczesna rehabilitacja dost\u0119pna dla ka\u017cdego\n\n\n\n<strong>PowerMed Fizjoterapia<\/strong> to nowoczesny gabinet rehabilitacji, kt\u00f3ry stworzy\u0142em w miejscowo\u015bci <strong>Sobiekursk<\/strong>, po\u0142o\u017conej w powiecie otwockim. Powstanie tego miejsca nie by\u0142o przypadkiem \u2013 zale\u017ca\u0142o mi na tym, aby mieszka\u0144cy mniejszych miejscowo\u015bci i wsi mieli taki sam dost\u0119p do profesjonalnych us\u0142ug rehabilitacyjnych, jak osoby mieszkaj\u0105ce w du\u017cych miastach.<br>Gabinet powsta\u0142 z potrzeby serca i z pasji do pomagania innym. W <strong>PowerMed<\/strong> specjalizujemy si\u0119 w <strong>rehabilitacji ortopedycznej i sportowej<\/strong>, oferuj\u0105c skuteczne i indywidualnie dopasowane terapie, oparte na aktualnej wiedzy medycznej i sprawdzonych metodach fizjoterapeutycznych.\n\n\n\nZajmujemy si\u0119 m.in.:<br>rehabilitacj\u0105 po urazach i operacjach narz\u0105du ruchu,<br>terapi\u0105 b\u00f3lu kr\u0119gos\u0142upa i staw\u00f3w,<br>fizjoterapi\u0105 sportow\u0105 \u2013 dla zawodowc\u00f3w i amator\u00f3w,<br>wsparciem w powrocie do pe\u0142nej sprawno\u015bci po kontuzjach.\n\n\n\nW <strong>PowerMed Fizjoterapia<\/strong> stawiamy na <strong>indywidualne podej\u015bcie<\/strong>, <strong>dok\u0142adn\u0105 diagnostyk\u0119<\/strong> oraz <strong>pe\u0142ne zaanga\u017cowanie<\/strong> w proces terapeutyczny. Nasz\u0105 misj\u0105 jest przywracanie sprawno\u015bci, poprawa komfortu \u017cycia i wspieranie aktywno\u015bci fizycznej \u2013 niezale\u017cnie od wieku i poziomu sprawno\u015bci pacjenta.<br>Zapraszam do gabinetu, gdzie nowoczesna rehabilitacja spotyka si\u0119 z trosk\u0105, do\u015bwiadczeniem i dost\u0119pno\u015bci\u0105 dla ka\u017cdego \u2013 bez wzgl\u0119du na to, gdzie mieszkasz.\n\n\n\n\nRead more\n\n\n\n\n\n\n\n\n\n\nLOREM IPSUM DOLOR\n\n\n\nKarol Salwa\n\n\n\nJestem za\u0142o\u017cycielem gabinetu PowerMed Fizjoterapia. Uko\u0144czy\u0142em studia magisterskie na Wy\u017cszej Szkole Rehabilitacji w Warszawie. Ju\u017c prawie 10 lat rozwijam swoj\u0105 pasj\u0119, jak\u0105 jest fizjoterapia. Od 2016 roku intensywnie zdobywam do\u015bwiadczenie i uczestnicz\u0119 w szkoleniach, aby z powodzeniem nie\u015b\u0107 pomoc moim Pacjentom.&nbsp;<br>Od 2023 roku jestem studentem Still Academy of Osteopathy na kierunku osteopatia. Jestem przekonany, \u017ce kluczem do skutecznej terapii jest trafna diagnostyka. Traktuje j\u0105 priorytetowo, d\u0105\u017c\u0105c do odkrycia i wyeliminowania pierwotnej przyczyny problemu. Zawsze staram si\u0119 mie\u0107 otwart\u0105 g\u0142ow\u0119, by jak najlepiej pomaga\u0107 osobom z r\u00f3\u017cnymi dolegliwo\u015bciami m.in.: b\u00f3lami kr\u0119gos\u0142upa, mi\u0119\u015bni i staw\u00f3w obwodowych, po urazach i wypadkach komunikacyjnych, kontuzjach sportowych, przeci\u0105\u017ceniach staw\u00f3w oraz stanach po zabiegach operacyjnych. W swojej pracy z pacjentem \u0142\u0105cze metody terapii manualnej, ig\u0142oterapii suchej, pinoterapii, masa\u017cu tkanek g\u0142\u0119bokich, terapii punkt\u00f3w spustowych, terapii wisceralnej oraz treningu medycznego. Prowadz\u0119 pacjenta przez ca\u0142y proces rehabilitacji, monitoruj\u0105c post\u0119py i dostosowuj\u0105c leczenie w razie potrzeby. Stosuj\u0105c ca\u0142y warsztat swoich umiej\u0119tno\u015bci pomagam pacjentom w powrocie do pe\u0142nej sprawno\u015bci i poprawy jako\u015bci \u017cycia.\n\n\n\n\nRead more\n\n\n\n\n\n\n\n\n\n\n\n\n\n\n\n\nA few things we\u2019re great at\n\n\n\n\n\nLorem ipsum dolor sit amet, consectetur adipiscing elit. Ut feugiat aliquet convallis. Morbi cursus scelerisque est, a sodales mi fringilla sit amet. Donec ultrices id ante a tempus.\n\n\n\n\n\n\n\n\n\n\n\nIntelligent Automation\n\n\n\nLorem ipsum dolor sit amet, consectetur adipiscing elit. Ut feugiat aliquet convallis. Morbi cursus scelerisque est.\n\n\n\n\nRead more\n\n\n\n\n\n\n\n\n\n\nImmersive User Interface\n\n\n\nLorem ipsum dolor sit amet, consectetur adipiscing elit. Ut feugiat aliquet convallis. Morbi cursus scelerisque est.\n\n\n\n\nRead more\n\n\n\n\n\n\n\n\n\n\nReal-time Collaboration\n\n\n\nLorem ipsum dolor sit amet, consectetur adipiscing elit. Ut feugiat aliquet convallis. Morbi cursus scelerisque est.\n\n\n\n\nRead more\n\n\n\n\n\n\n\n\n\n\n\n\nDynamic Design Showcase\n\n\n\n\n\nDonec volutpat vel ipsum at posuere. Mauris vitae vulputate erat viverra, pretium massa. Curabitur posuere at lorem vel ullamcorper.\n\n\n\nPhasellus justo risus, dignissim sit amet tellus ac, accumsan hendrerit mauris. Nullam ultricies, urna cursus facilisis posuere, diam nisl egestas erat, vitae posuere est quam ut diam. Etiam pulvinar sit amet mi a vehicula.\n\n\n\n\nRead more\n\n\n\n\n\n\n\n\n\n\nCollaborative Project Hub\n\n\n\n\n\nDonec volutpat vel ipsum at posuere. Mauris vitae vulputate erat viverra, pretium massa. Curabitur posuere at lorem vel ullamcorper.\n\n\n\nPhasellus justo risus, dignissim sit amet tellus ac, accumsan hendrerit mauris. Nullam ultricies, urna cursus facilisis posuere, diam nisl egestas erat, vitae posuere est quam ut diam. Etiam pulvinar sit amet mi a vehicula.\n\n\n\n\nRead more\n\n\n\n\n\n\n\n\n\n\n\n\nServices\n\n\n\n\n\nLorem ipsum dolor sit amet, at mei dolore tritani repudiandae. In his nemore temporibus consequuntur, vim ad prima vivendum consetetur.\n\n\n\n\n\n\n\n\n\n\n\nAliquam porttitor interdum enim a rutrum tempus dolore\n\n\n\nCras tincidunt ut tortor ut vestibulum. Sed molestie laoreet purus, nec tempus lectus tincidunt eu. Lorem ipsum dolor sit amet, at mei dolore.\n\n\n\n\n\n\n\nAliquam porttitor interdum enim a rutrum tempus dolore\n\n\n\nCras tincidunt ut tortor ut vestibulum. Sed molestie laoreet purus, nec tempus lectus tincidunt eu. Lorem ipsum dolor sit amet, at mei dolore.\n\n\n\n\n\n\n\nAliquam porttitor interdum enim a rutrum tempus dolore\n\n\n\nCras tincidunt ut tortor ut vestibulum. Sed molestie laoreet purus, nec tempus lectus tincidunt eu. Lorem ipsum dolor sit amet, at mei dolore.\n\n\n\n\n\n\n\nAliquam porttitor interdum enim a rutrum tempus dolore\n\n\n\nCras tincidunt ut tortor ut vestibulum. Sed molestie laoreet purus, nec tempus lectus tincidunt eu. Lorem ipsum dolor sit amet, at mei dolore.\n\n\n\n\n\n\n\nAliquam porttitor interdum enim a rutrum tempus dolore\n\n\n\nCras tincidunt ut tortor ut vestibulum. Sed molestie laoreet purus, nec tempus lectus tincidunt eu. Lorem ipsum dolor sit amet, at mei dolore.\n\n\n\n\n\n\n\nAliquam porttitor interdum enim a rutrum tempus dolore\n\n\n\nCras tincidunt ut tortor ut vestibulum. Sed molestie laoreet purus, nec tempus lectus tincidunt eu. Lorem ipsum dolor sit amet, at mei dolore.\n\n\n\n\n\n\n\n\n\n\n\nOur team\n\n\n\n\n\nLorem ipsum dolor sit amet, at mei dolore tritani repudiandae. In his nemore temporibus consequuntur, vim ad prima vivendum consetetur.\n\n\n\n\n\n\n\n\n\nSamantha Doe\n\n\n\nLead Strategist\n\n\n\n\n\n\n\n\n\n\n\n\n\n\n\nOlivia Rodriguez\n\n\n\nFinancial Analyst\n\n\n\n\n\n\n\n\n\n\n\n\n\n\n\nMarcus Douglas\n\n\n\nSoftware Engineer\n\n\n\n\n\n\n\n\n\n\n\n\n\n\n\n\n\nWhat are you waiting for?\n\n\n\nReady to take the next step? Let&#8217;s bring your vision to life! Explore our services and get in touch today for a consultation. Together, we&#8217;ll make it happen.\n\n\n\n\n\n\nContact us\n\n\n\n\n\n\n\n\n\n\nOur Projects\n\n\n\n\n\nLorem ipsum dolor sit amet, at mei dolore tritani repudiandae. In his nemore temporibus consequuntur, vim ad prima vivendum consetetur.\n\n\n\n\n\n\n\n\n\n\n\n\n\n\n\n\n\n\n\n\n\n\n\n\n\n\n\nExplore Our Blog\n\n\n\n\n\n\nRead blog\n\n\n\n\n\n\n\n\n\n\n\n\n\n\n\n\n\n\n\n\n\nRead more\n\n\n\n\n\n\n\n\n\n\n\n\n\n\nOur Clients\n\n\n\n\n\n\n\n\n\n\n\n\n\n\n\n\n\n\n\n\n\n\n\n\n\n\n\n\n\n\n\n\n\n\n\n\n\n\n\n\n\n\n\n\n\nTestimonials\n\n\n\n\n\nLorem ipsum dolor sit amet, at mei dolore tritani repudiandae. In his nemore temporibus consequuntur, vim ad prima vivendum consetetur.\n\n\n\n\n\n\n\n\n\n\n\n\n\nLorem ipsum dolor sit amet, at mei dolore tritani repudiandae. In his nemore temporibus vim ad prima vivendum consetetur.\n\n\n\nJane Doe\n\n\n\n\n\n\n\n\n\n\n\nLorem ipsum dolor sit amet, at mei dolore tritani repudiandae. In his nemore temporibus vim ad prima vivendum consetetur.\n\n\n\nChristina Doe\n\n\n\n\n\n\n\n\n\n\n\nLorem ipsum dolor sit amet, at mei dolore tritani repudiandae. In his nemore temporibus vim ad prima vivendum consetetur.\n\n\n\nMichelle Smith\n\n\n\n\n\n\n\n\n\nContact us\n\n\n\n\n\nLorem ipsum dolor sit amet, at mei dolore tritani in his nemore temporibus consequuntur, vim ad prima vivendum consetetur. Viderer feugiat at pro, mea aperiam.\n\n\n\n\n425-334-5956\n\n\n\nyouremail@address.com\n\n\n\n4923 Ryder Avenue, Iceland\n\n\n\n\n\n\n\n\n\n\n\n\n\n\n\n\n\n\n\n\nEnjoy the best <em><span style=\"font-family:Playfair Display;\" class=\"kubio-has-inline-font-family-weight\"><span style=\"color:rgba(var(--kubio-color-1),1)\" class=\"kubio-has-inline-color\">design<\/span><\/span><\/em> and <em><span style=\"color: rgb(3, 169, 244);\" class=\"kubio-has-inline-color\"><span style=\"font-family:Playfair Display;\" class=\"kubio-has-inline-font-family-weight\">functions<\/span><\/span><\/em> combined together.\n\n\n\nAt vero eos et accusamus et iusto.\n\n\n\nLorem ipsum dolor sit amet, at mei dolore tritani repudiandae. In his nemore temporibus consequuntur, vim ad prima vivendum consetetur. Viderer feugiat.\n\n\n\n\n\n\n\n\n<p><\/p>\n","protected":false},"excerpt":{"rendered":"","protected":false},"author":1,"featured_media":0,"parent":0,"menu_order":0,"comment_status":"closed","ping_status":"closed","template":"","meta":{"footnotes":""},"class_list":["post-12","page","type-page","status-publish","hentry"],"yoast_head":"<!-- This site is optimized with the Yoast SEO plugin v25.3 - https:\/\/yoast.com\/wordpress\/plugins\/seo\/ -->\n<title>Home - PowerMed Fizjoterapia<\/title>\n<meta name=\"description\" content=\"Specjalizujemy si\u0119 w terapii ortopedycznej oraz pracy z osobami aktywnymi i sportowcami. Pomagamy wr\u00f3ci\u0107 do pe\u0142nej sprawno\u015bci \u2013 skutecznie, bezpiecznie i indywidualnie.\" \/>\n<meta name=\"robots\" content=\"index, follow, max-snippet:-1, max-image-preview:large, max-video-preview:-1\" \/>\n<link rel=\"canonical\" href=\"https:\/\/powermedfizjoterapia.pl\/\" \/>\n<meta property=\"og:locale\" content=\"pl_PL\" \/>\n<meta property=\"og:type\" content=\"article\" \/>\n<meta property=\"og:title\" content=\"Home - PowerMed Fizjoterapia\" \/>\n<meta property=\"og:description\" content=\"Specjalizujemy si\u0119 w terapii ortopedycznej oraz pracy z osobami aktywnymi i sportowcami. Pomagamy wr\u00f3ci\u0107 do pe\u0142nej sprawno\u015bci \u2013 skutecznie, bezpiecznie i indywidualnie.\" \/>\n<meta property=\"og:url\" content=\"https:\/\/powermedfizjoterapia.pl\/\" \/>\n<meta property=\"og:site_name\" content=\"PowerMed Fizjoterapia\" \/>\n<meta property=\"article:publisher\" content=\"https:\/\/www.facebook.com\/PowerMedFizjoterapia\" \/>\n<meta property=\"article:modified_time\" content=\"2025-06-23T08:22:01+00:00\" \/>\n<meta property=\"og:image\" content=\"https:\/\/powermedfizjoterapia.pl\/wp-content\/uploads\/2025\/05\/Projekt-bez-nazwy-6.png\" \/>\n\t<meta property=\"og:image:width\" content=\"500\" \/>\n\t<meta property=\"og:image:height\" content=\"500\" \/>\n\t<meta property=\"og:image:type\" content=\"image\/png\" \/>\n<meta name=\"twitter:card\" content=\"summary_large_image\" \/>\n<meta name=\"twitter:label1\" content=\"Szacowany czas czytania\" \/>\n\t<meta name=\"twitter:data1\" content=\"7 minut\" \/>\n<script type=\"application\/ld+json\" class=\"yoast-schema-graph\">{\"@context\":\"https:\/\/schema.org\",\"@graph\":[{\"@type\":\"WebPage\",\"@id\":\"http:\/\/powermedfizjoterapia.pl\/\",\"url\":\"https:\/\/powermedfizjoterapia.pl\/\",\"name\":\"Home - PowerMed Fizjoterapia\",\"isPartOf\":{\"@id\":\"http:\/\/powermedfizjoterapia.pl\/#website\"},\"datePublished\":\"2025-05-21T21:39:51+00:00\",\"dateModified\":\"2025-06-23T08:22:01+00:00\",\"description\":\"Specjalizujemy si\u0119 w terapii ortopedycznej oraz pracy z osobami aktywnymi i sportowcami. Pomagamy wr\u00f3ci\u0107 do pe\u0142nej sprawno\u015bci \u2013 skutecznie, bezpiecznie i indywidualnie.\",\"breadcrumb\":{\"@id\":\"https:\/\/powermedfizjoterapia.pl\/#breadcrumb\"},\"inLanguage\":\"pl-PL\",\"potentialAction\":[{\"@type\":\"ReadAction\",\"target\":[\"https:\/\/powermedfizjoterapia.pl\/\"]}]},{\"@type\":\"BreadcrumbList\",\"@id\":\"https:\/\/powermedfizjoterapia.pl\/#breadcrumb\",\"itemListElement\":[{\"@type\":\"ListItem\",\"position\":1,\"name\":\"Strona g\u0142\u00f3wna\",\"item\":\"http:\/\/powermedfizjoterapia.pl\/\"},{\"@type\":\"ListItem\",\"position\":2,\"name\":\"Home\"}]},{\"@type\":\"WebSite\",\"@id\":\"http:\/\/powermedfizjoterapia.pl\/#website\",\"url\":\"http:\/\/powermedfizjoterapia.pl\/\",\"name\":\"PowerMed Fizjoterapia\",\"description\":\"PowerMed Fizjoterapia PowerMed Fizjoterapia ma na celu pomoc pacjentom w walce z b\u00f3lem, kontuzjami i innymi dolegliwo\u015bciami narz\u0105du ruchu. Dzi\u0119ki wiedzy i do\u015bwiadczeniu klinicznemu zapewnia nowoczesn\u0105, wszechstronn\u0105 i skuteczn\u0105 rehabilitacj\u0119.\",\"publisher\":{\"@id\":\"http:\/\/powermedfizjoterapia.pl\/#organization\"},\"potentialAction\":[{\"@type\":\"SearchAction\",\"target\":{\"@type\":\"EntryPoint\",\"urlTemplate\":\"http:\/\/powermedfizjoterapia.pl\/?s={search_term_string}\"},\"query-input\":{\"@type\":\"PropertyValueSpecification\",\"valueRequired\":true,\"valueName\":\"search_term_string\"}}],\"inLanguage\":\"pl-PL\"},{\"@type\":\"Organization\",\"@id\":\"http:\/\/powermedfizjoterapia.pl\/#organization\",\"name\":\"PowerMed Fizjoterapia\",\"url\":\"http:\/\/powermedfizjoterapia.pl\/\",\"logo\":{\"@type\":\"ImageObject\",\"inLanguage\":\"pl-PL\",\"@id\":\"http:\/\/powermedfizjoterapia.pl\/#\/schema\/logo\/image\/\",\"url\":\"http:\/\/powermedfizjoterapia.pl\/wp-content\/uploads\/2025\/05\/Projekt-bez-nazwy-6.png\",\"contentUrl\":\"http:\/\/powermedfizjoterapia.pl\/wp-content\/uploads\/2025\/05\/Projekt-bez-nazwy-6.png\",\"width\":500,\"height\":500,\"caption\":\"PowerMed Fizjoterapia\"},\"image\":{\"@id\":\"http:\/\/powermedfizjoterapia.pl\/#\/schema\/logo\/image\/\"},\"sameAs\":[\"https:\/\/www.facebook.com\/PowerMedFizjoterapia\"]}]}<\/script>\n<!-- \/ Yoast SEO plugin. -->","yoast_head_json":{"title":"Home - PowerMed Fizjoterapia","description":"Specjalizujemy si\u0119 w terapii ortopedycznej oraz pracy z osobami aktywnymi i sportowcami. Pomagamy wr\u00f3ci\u0107 do pe\u0142nej sprawno\u015bci \u2013 skutecznie, bezpiecznie i indywidualnie.","robots":{"index":"index","follow":"follow","max-snippet":"max-snippet:-1","max-image-preview":"max-image-preview:large","max-video-preview":"max-video-preview:-1"},"canonical":"https:\/\/powermedfizjoterapia.pl\/","og_locale":"pl_PL","og_type":"article","og_title":"Home - PowerMed Fizjoterapia","og_description":"Specjalizujemy si\u0119 w terapii ortopedycznej oraz pracy z osobami aktywnymi i sportowcami. Pomagamy wr\u00f3ci\u0107 do pe\u0142nej sprawno\u015bci \u2013 skutecznie, bezpiecznie i indywidualnie.","og_url":"https:\/\/powermedfizjoterapia.pl\/","og_site_name":"PowerMed Fizjoterapia","article_publisher":"https:\/\/www.facebook.com\/PowerMedFizjoterapia","article_modified_time":"2025-06-23T08:22:01+00:00","og_image":[{"width":500,"height":500,"url":"https:\/\/powermedfizjoterapia.pl\/wp-content\/uploads\/2025\/05\/Projekt-bez-nazwy-6.png","type":"image\/png"}],"twitter_card":"summary_large_image","twitter_misc":{"Szacowany czas czytania":"7 minut"},"schema":{"@context":"https:\/\/schema.org","@graph":[{"@type":"WebPage","@id":"http:\/\/powermedfizjoterapia.pl\/","url":"https:\/\/powermedfizjoterapia.pl\/","name":"Home - PowerMed Fizjoterapia","isPartOf":{"@id":"http:\/\/powermedfizjoterapia.pl\/#website"},"datePublished":"2025-05-21T21:39:51+00:00","dateModified":"2025-06-23T08:22:01+00:00","description":"Specjalizujemy si\u0119 w terapii ortopedycznej oraz pracy z osobami aktywnymi i sportowcami. Pomagamy wr\u00f3ci\u0107 do pe\u0142nej sprawno\u015bci \u2013 skutecznie, bezpiecznie i indywidualnie.","breadcrumb":{"@id":"https:\/\/powermedfizjoterapia.pl\/#breadcrumb"},"inLanguage":"pl-PL","potentialAction":[{"@type":"ReadAction","target":["https:\/\/powermedfizjoterapia.pl\/"]}]},{"@type":"BreadcrumbList","@id":"https:\/\/powermedfizjoterapia.pl\/#breadcrumb","itemListElement":[{"@type":"ListItem","position":1,"name":"Strona g\u0142\u00f3wna","item":"http:\/\/powermedfizjoterapia.pl\/"},{"@type":"ListItem","position":2,"name":"Home"}]},{"@type":"WebSite","@id":"http:\/\/powermedfizjoterapia.pl\/#website","url":"http:\/\/powermedfizjoterapia.pl\/","name":"PowerMed Fizjoterapia","description":"PowerMed Fizjoterapia PowerMed Fizjoterapia ma na celu pomoc pacjentom w walce z b\u00f3lem, kontuzjami i innymi dolegliwo\u015bciami narz\u0105du ruchu. Dzi\u0119ki wiedzy i do\u015bwiadczeniu klinicznemu zapewnia nowoczesn\u0105, wszechstronn\u0105 i skuteczn\u0105 rehabilitacj\u0119.","publisher":{"@id":"http:\/\/powermedfizjoterapia.pl\/#organization"},"potentialAction":[{"@type":"SearchAction","target":{"@type":"EntryPoint","urlTemplate":"http:\/\/powermedfizjoterapia.pl\/?s={search_term_string}"},"query-input":{"@type":"PropertyValueSpecification","valueRequired":true,"valueName":"search_term_string"}}],"inLanguage":"pl-PL"},{"@type":"Organization","@id":"http:\/\/powermedfizjoterapia.pl\/#organization","name":"PowerMed Fizjoterapia","url":"http:\/\/powermedfizjoterapia.pl\/","logo":{"@type":"ImageObject","inLanguage":"pl-PL","@id":"http:\/\/powermedfizjoterapia.pl\/#\/schema\/logo\/image\/","url":"http:\/\/powermedfizjoterapia.pl\/wp-content\/uploads\/2025\/05\/Projekt-bez-nazwy-6.png","contentUrl":"http:\/\/powermedfizjoterapia.pl\/wp-content\/uploads\/2025\/05\/Projekt-bez-nazwy-6.png","width":500,"height":500,"caption":"PowerMed Fizjoterapia"},"image":{"@id":"http:\/\/powermedfizjoterapia.pl\/#\/schema\/logo\/image\/"},"sameAs":["https:\/\/www.facebook.com\/PowerMedFizjoterapia"]}]}},"rttpg_featured_image_url":null,"rttpg_author":{"display_name":"admin","author_link":"https:\/\/powermedfizjoterapia.pl\/index.php\/author\/admin\/"},"rttpg_comment":0,"rttpg_category":null,"rttpg_excerpt":null,"_links":{"self":[{"href":"https:\/\/powermedfizjoterapia.pl\/index.php\/wp-json\/wp\/v2\/pages\/12","targetHints":{"allow":["GET"]}}],"collection":[{"href":"https:\/\/powermedfizjoterapia.pl\/index.php\/wp-json\/wp\/v2\/pages"}],"about":[{"href":"https:\/\/powermedfizjoterapia.pl\/index.php\/wp-json\/wp\/v2\/types\/page"}],"author":[{"embeddable":true,"href":"https:\/\/powermedfizjoterapia.pl\/index.php\/wp-json\/wp\/v2\/users\/1"}],"replies":[{"embeddable":true,"href":"https:\/\/powermedfizjoterapia.pl\/index.php\/wp-json\/wp\/v2\/comments?post=12"}],"version-history":[{"count":7,"href":"https:\/\/powermedfizjoterapia.pl\/index.php\/wp-json\/wp\/v2\/pages\/12\/revisions"}],"predecessor-version":[{"id":349,"href":"https:\/\/powermedfizjoterapia.pl\/index.php\/wp-json\/wp\/v2\/pages\/12\/revisions\/349"}],"wp:attachment":[{"href":"https:\/\/powermedfizjoterapia.pl\/index.php\/wp-json\/wp\/v2\/media?parent=12"}],"curies":[{"name":"wp","href":"https:\/\/api.w.org\/{rel}","templated":true}]}}